{"id":1347,"date":"2025-02-06T05:06:16","date_gmt":"2025-02-06T05:06:16","guid":{"rendered":"https:\/\/donayudando.org\/?page_id=1347"},"modified":"2025-02-07T05:35:28","modified_gmt":"2025-02-07T05:35:28","slug":"proyecto-albergue-transparente-y-justo","status":"publish","type":"page","link":"https:\/\/donayudando.org\/index.php\/proyecto-albergue-transparente-y-justo\/","title":{"rendered":"PROYECTO ALBERGUE TRANSPARENTE Y JUSTO"},"content":{"rendered":"\t\t<div data-elementor-type=\"wp-page\" data-elementor-id=\"1347\" class=\"elementor elementor-1347\" data-elementor-post-type=\"page\">\n\t\t\t\t<div class=\"elementor-element elementor-element-2a3800c3 e-flex e-con-boxed e-con e-parent\" data-id=\"2a3800c3\" data-element_type=\"container\">\n\t\t\t\t\t<div class=\"e-con-inner\">\n\t\t\t\t<div class=\"elementor-element elementor-element-20b10cf2 elementor-widget elementor-widget-text-editor\" data-id=\"20b10cf2\" data-element_type=\"widget\" data-widget_type=\"text-editor.default\">\n\t\t\t\t<div class=\"elementor-widget-container\">\n\t\t\t\t\t\t\t\t\t\n<p>A menudo se dice, de manera injusta, que los indigentes viven en la calle porque les gusta vivir as\u00ed, y que no desean estar en un albergue. Esto es falso de varias formas. 1) En realidad, no hay albergues suficientes, y por ello la gran mayor\u00eda no se admiten. 2) En todos los albergues en que yo he estado (y son casi todos los que hay en Guadalajara), se comete una gran cantidad de abusos muy serios contra los albergados, y por esto muchos \u00abprefieren\u00bb estar en la calle, eligiendo el menor de los males.<\/p>\n<p>&nbsp;<\/p>\n\n\n\n<p>Vivir en la calle implica problemas y sufrimientos que la gran mayor\u00eda de la gente nunca ha llegado a pensar.<\/p>\n<p>&nbsp;<\/p>\n\n\n\n<p>Nuestro objetivo es crear, para estas personas, un albergue muy diferente de los dem\u00e1s, completamente transparente en cuanto a lo que ocurre dentro, de tal modo que no pueda haber injusticias o que cuando menos puedan resolverse pronto y del mejor modo posible.<\/p>\n<p>&nbsp;<\/p>\n\n\n\n<p>Esto implica que, para ello, haya c\u00e1maras de video en casi todos lados, y con la opci\u00f3n, tambi\u00e9n, de hablar p\u00fablicamente, a trav\u00e9s de este sitio, respecto a cualquier abuso que se haya padecido o visto all\u00ed.<\/p>\n<p>&nbsp;<\/p>\n\n\n\n<p>Transmitiendo en vivo todo (im\u00e1genes y audio) a este sitio, de manera totalmente p\u00fablica. Donde cualquier visitante o usuario pueda supervisar, regrabar (adem\u00e1s de lo grabado en el albergue mismo), opinar y se\u00f1alar cualquier injusticia o mejora que considere posibles. Estimulando, al mismo tiempo, a todos los albergados y visitantes a hacer sus propias grabaciones de lo que all\u00ed ocurra; como, por ejemplo, el trato de los encargados a ellos en cada momento, y sobre la comida y el lugar.<\/p>\n<p>&nbsp;<\/p>\n\n\n\n<p>El prop\u00f3sito es que sea un albergue en el que todo se haga exactamente como, en mi condici\u00f3n de albergado hace un tiempo, vi y otras personas razonablemente vean que hace falta para integrar a estas personas al trabajo y a la sociedad; de manera justa, estable y duradera. Esto har\u00e1 una enorme diferencia, no solo para este albergue, sino tambi\u00e9n para otros que otros hayan creado o creen o que establezca yo aqu\u00ed mismo y en otros lugares.<\/p>\n\t\t\t\t\t\t\t\t<\/div>\n\t\t\t\t<\/div>\n\t\t\t\t\t<\/div>\n\t\t\t\t<\/div>\n\t\t\t\t<\/div>\n\t\t","protected":false},"excerpt":{"rendered":"<p>A menudo se dice, de manera injusta, que los indigentes viven en la calle porque les gusta vivir as\u00ed, y que no desean estar en un albergue. Esto es falso&hellip;<\/p>\n","protected":false},"author":1,"featured_media":0,"parent":0,"menu_order":0,"comment_status":"closed","ping_status":"closed","template":"","meta":{"footnotes":""},"class_list":["post-1347","page","type-page","status-publish","hentry"],"_links":{"self":[{"href":"https:\/\/donayudando.org\/index.php\/wp-json\/wp\/v2\/pages\/1347","targetHints":{"allow":["GET"]}}],"collection":[{"href":"https:\/\/donayudando.org\/index.php\/wp-json\/wp\/v2\/pages"}],"about":[{"href":"https:\/\/donayudando.org\/index.php\/wp-json\/wp\/v2\/types\/page"}],"author":[{"embeddable":true,"href":"https:\/\/donayudando.org\/index.php\/wp-json\/wp\/v2\/users\/1"}],"replies":[{"embeddable":true,"href":"https:\/\/donayudando.org\/index.php\/wp-json\/wp\/v2\/comments?post=1347"}],"version-history":[{"count":0,"href":"https:\/\/donayudando.org\/index.php\/wp-json\/wp\/v2\/pages\/1347\/revisions"}],"wp:attachment":[{"href":"https:\/\/donayudando.org\/index.php\/wp-json\/wp\/v2\/media?parent=1347"}],"curies":[{"name":"wp","href":"https:\/\/api.w.org\/{rel}","templated":true}]}}