{"id":1287,"date":"2025-02-05T03:46:24","date_gmt":"2025-02-05T03:46:24","guid":{"rendered":"https:\/\/donayudando.org\/?page_id=1287"},"modified":"2025-02-07T06:07:46","modified_gmt":"2025-02-07T06:07:46","slug":"conocenos","status":"publish","type":"page","link":"https:\/\/donayudando.org\/index.php\/conocenos\/","title":{"rendered":"CON\u00d3CENOS"},"content":{"rendered":"\t\t<div data-elementor-type=\"wp-page\" data-elementor-id=\"1287\" class=\"elementor elementor-1287\" data-elementor-post-type=\"page\">\n\t\t\t\t<div class=\"elementor-element elementor-element-17c80b2b e-flex e-con-boxed e-con e-parent\" data-id=\"17c80b2b\" data-element_type=\"container\">\n\t\t\t\t\t<div class=\"e-con-inner\">\n\t\t\t\t<div class=\"elementor-element elementor-element-384e2b1b elementor-widget elementor-widget-text-editor\" data-id=\"384e2b1b\" data-element_type=\"widget\" data-widget_type=\"text-editor.default\">\n\t\t\t\t<div class=\"elementor-widget-container\">\n\t\t\t\t\t\t\t\t\t\n<p>La justicia es el resultado de la transparencia y cimenta el progreso.<\/p>\n<p>&nbsp;<\/p>\n\n\n\n<p>La visi\u00f3n de Donayudando es un mundo con transparencia, justicia y progreso hasta el m\u00e1ximo.<\/p>\n<p>&nbsp;<\/p>\n\n\n\n<p>Sobre estos valores de veracidad y justicia, nuestra misi\u00f3n es contribuir al progreso de todos por estos caminos, entendido como \u00fanicamente posible mediante el progreso de los m\u00e1s necesitados, acerc\u00e1ndolos e integr\u00e1ndolos a nosotros, en vez de excluirlos.<\/p>\n<p>&nbsp;<\/p>\n\n\n\n<p>La pobreza en mucha gente encuentra enorme alivio gracias a quienes donamos, esfuerzo, dinero y\/o art\u00edculos. Por esto, te animamos a participar para que otras personas mejoren su vida, con salud e integraci\u00f3n social y laboral, que les permitan encontrar sentido y metas sanas.<\/p>\n<p>&nbsp;<\/p>\n\n\n\n<p><a href=\"https:\/\/donayudando.org\/index.php\/acerca-de-roberto-patron\/\" target=\"_blank\" rel=\"noreferrer noopener\" data-type=\"link\" data-id=\"https:\/\/donayudando.org\/index.php\/acerca-de-roberto-patron\/\">Roberto Patr\u00f3n Zepeda<\/a><\/p>\n<p><a href=\"https:\/\/donayudando.org\/\" target=\"_blank\" rel=\"noreferrer noopener\" data-type=\"link\" data-id=\"https:\/\/donayudando.org\/\">Donayudando.org<\/a><p\/>\n<p>Email: <a href=\"mailto:robertopatron@donayudando.org\">robertopatron@donayudando.org<\/a><\/p>\n<p>Tel\u00e9fono: 33 1478 3000<\/p>\n<p>&nbsp;<\/p>\n<p><a href=\"https:\/\/donayudando.org\/\" target=\"_blank\" rel=\"noreferrer noopener\" data-type=\"link\" data-id=\"https:\/\/donayudando.org\/\">Donayudando.org<\/a><br \/>Email: <a href=\"mailto:donativos@donayudando.org\">donativos@donayudando.org<\/a><br \/>Tel\u00e9fono: 33 1478 3000<br \/>Domicilio: Calle Pino Su\u00e1rez 227, entre Reforma y San Felipe. Zona Centro. C\u00f3digo postal 44100. Guadalajara, Jalisco, M\u00e9xico.<\/p>\n\t\t\t\t\t\t\t\t<\/div>\n\t\t\t\t<\/div>\n\t\t\t\t\t<\/div>\n\t\t\t\t<\/div>\n\t\t\t\t<\/div>\n\t\t","protected":false},"excerpt":{"rendered":"<p>La justicia es el resultado de la transparencia y cimenta el progreso. &nbsp; La visi\u00f3n de Donayudando es un mundo con transparencia, justicia y progreso hasta el m\u00e1ximo. &nbsp; Sobre&hellip;<\/p>\n","protected":false},"author":1,"featured_media":0,"parent":0,"menu_order":0,"comment_status":"closed","ping_status":"closed","template":"","meta":{"footnotes":""},"class_list":["post-1287","page","type-page","status-publish","hentry"],"_links":{"self":[{"href":"https:\/\/donayudando.org\/index.php\/wp-json\/wp\/v2\/pages\/1287","targetHints":{"allow":["GET"]}}],"collection":[{"href":"https:\/\/donayudando.org\/index.php\/wp-json\/wp\/v2\/pages"}],"about":[{"href":"https:\/\/donayudando.org\/index.php\/wp-json\/wp\/v2\/types\/page"}],"author":[{"embeddable":true,"href":"https:\/\/donayudando.org\/index.php\/wp-json\/wp\/v2\/users\/1"}],"replies":[{"embeddable":true,"href":"https:\/\/donayudando.org\/index.php\/wp-json\/wp\/v2\/comments?post=1287"}],"version-history":[{"count":0,"href":"https:\/\/donayudando.org\/index.php\/wp-json\/wp\/v2\/pages\/1287\/revisions"}],"wp:attachment":[{"href":"https:\/\/donayudando.org\/index.php\/wp-json\/wp\/v2\/media?parent=1287"}],"curies":[{"name":"wp","href":"https:\/\/api.w.org\/{rel}","templated":true}]}}