{"id":6680,"date":"2026-01-06T13:08:17","date_gmt":"2026-01-06T13:08:17","guid":{"rendered":"https:\/\/donayudando.org\/home\/?page_id=6680"},"modified":"2026-01-07T00:02:38","modified_gmt":"2026-01-07T00:02:38","slug":"conocenos-2","status":"publish","type":"page","link":"https:\/\/donayudando.org\/home\/?page_id=6680","title":{"rendered":"Con\u00f3cenos"},"content":{"rendered":"\t\t<div data-elementor-type=\"wp-page\" data-elementor-id=\"6680\" class=\"elementor elementor-6680\" data-elementor-post-type=\"page\">\n\t\t\t\t<div class=\"elementor-element elementor-element-32fef4d .imagen-fondo-adaptable e-flex e-con-boxed e-con e-parent\" data-id=\"32fef4d\" data-element_type=\"container\" data-settings=\"{&quot;background_background&quot;:&quot;classic&quot;}\">\n\t\t\t\t\t<div class=\"e-con-inner\">\n\t\t\t\t<div class=\"elementor-element elementor-element-2aba2f5 elementor-widget elementor-widget-heading\" data-id=\"2aba2f5\" data-element_type=\"widget\" data-widget_type=\"heading.default\">\n\t\t\t\t<div class=\"elementor-widget-container\">\n\t\t\t\t\t<h2 class=\"elementor-heading-title elementor-size-default\">Con\u00f3cenos<\/h2>\t\t\t\t<\/div>\n\t\t\t\t<\/div>\n\t\t\t\t\t<\/div>\n\t\t\t\t<\/div>\n\t\t<div class=\"elementor-element elementor-element-43f9ba2 e-flex e-con-boxed e-con e-parent\" data-id=\"43f9ba2\" data-element_type=\"container\" data-settings=\"{&quot;background_background&quot;:&quot;classic&quot;}\">\n\t\t\t\t\t<div class=\"e-con-inner\">\n\t\t\t\t<div class=\"elementor-element elementor-element-b846317 elementor-widget elementor-widget-text-editor\" data-id=\"b846317\" data-element_type=\"widget\" data-widget_type=\"text-editor.default\">\n\t\t\t\t<div class=\"elementor-widget-container\">\n\t\t\t\t\t\t\t\t\t<div style=\"background-color: #f9f9f9; padding: 2em; border-radius: 16px; box-shadow: 0 4px 12px rgba(0,0,0,0.1); font-family: Inter, sans-serif; line-height: 1.6; color: #333;\">\n\n<div>Mi nombre es Roberto Patr\u00f3n Zepeda. Me dedico a la investigaci\u00f3n cient\u00edfica y a la defensa de los derechos humanos. Nac\u00ed en Mazatl\u00e1n, Sinaloa, de donde, como resultado de severas represalias en mi contra cometidas por el Gobierno de dicha ciudad, en 2014, emigr\u00e9 a Guadalajara, Jalisco, M\u00e9xico, donde actualmente a\u00fan radico. Algo que inmediatamente llam\u00f3 mi atenci\u00f3n al llegar a Guadalajara fue que aqu\u00ed hay una gran cantidad de personas de escasos recursos o en indigencia que han llegado de otras partes del pa\u00eds, en busca de mejores o de menos lamentables medios de sobrevivir y progresar.<\/div>\n\n<br>\n\n<div>Y de aqu\u00ed, y de todo el resto del pa\u00eds, mucha gente, en similares condiciones, emigra a Estados Unidos, en <strong>una cadena de desplazamientos forzosos absurda<\/strong>, que separa a muchas familias y crea muchos otros problemas.<\/div>\n\n<br>\n\n<div>Durante los \u00faltimos seis a\u00f1os, he sido testigo directo y cercano de la realidad de miles de personas que viven en situaci\u00f3n de calle, sin acceso regular a salud, alimento, apoyo emocional ni oportunidades reales de reintegrarse a la sociedad y al trabajo.<\/div>\n\n<br>\n\n<div>Durante dos de estos a\u00f1os, yo tambi\u00e9n estuve en situaci\u00f3n de calle, mientras actualizaba algunos de mis estudios, y fue as\u00ed como tuve la oportunidad de darme cuenta de algo que hasta entonces nunca hab\u00eda notado y que muy poca gente sabe (incluso entre los indigentes) en cuanto a la gente en situaci\u00f3n de calle: la mayor\u00eda de estas personas tienen en com\u00fan un rasgo que es, precisamente, en gran medida un factor de su marginaci\u00f3n: un grado de nobleza superior al de la mayor\u00eda, por el que son mucho m\u00e1s vulnerables a muchos abusos comunes, a los que las dem\u00e1s personas s\u00ed se logran adaptar, por lo com\u00fan.<\/div>\n\n<br>\n\n<div>Durante todo este tiempo, he documentado esta realidad a trav\u00e9s de fotograf\u00edas, videos y grabaciones de audio de conversaciones en las que he participado, a fin de mostrar asimismo la urgencia de atender este problema de manera humana y responsable, sin castigar, sino comprender y encauzar tal cualidad de un modo constructivo y con respeto, y contribuir a la soluci\u00f3n de la condici\u00f3n socioecon\u00f3mica a que muchos entornos empujan por ello a esta gente. Fue as\u00ed como inici\u00e9 el proyecto <em>Donayudando<\/em>. Conoce <a href=\"https:\/\/donayudando.org\/home#nuestra-mision\">Nuestra Misi\u00f3n<\/a>.<\/div>\n<\/div>\t\t\t\t\t\t\t\t<\/div>\n\t\t\t\t<\/div>\n\t\t\t\t<div class=\"elementor-element elementor-element-e7dcd0e elementor-widget-divider--view-line elementor-widget elementor-widget-divider\" data-id=\"e7dcd0e\" data-element_type=\"widget\" data-widget_type=\"divider.default\">\n\t\t\t\t<div class=\"elementor-widget-container\">\n\t\t\t\t\t\t\t<div class=\"elementor-divider\">\n\t\t\t<span class=\"elementor-divider-separator\">\n\t\t\t\t\t\t<\/span>\n\t\t<\/div>\n\t\t\t\t\t\t<\/div>\n\t\t\t\t<\/div>\n\t\t\t\t\t<\/div>\n\t\t\t\t<\/div>\n\t\t<div class=\"elementor-element elementor-element-27cda07 e-flex e-con-boxed e-con e-parent\" data-id=\"27cda07\" data-element_type=\"container\" data-settings=\"{&quot;background_background&quot;:&quot;classic&quot;}\">\n\t\t\t\t\t<div class=\"e-con-inner\">\n\t\t\t\t<div class=\"elementor-element elementor-element-bcf1ea1 elementor-widget-divider--view-line elementor-widget elementor-widget-divider\" data-id=\"bcf1ea1\" data-element_type=\"widget\" data-widget_type=\"divider.default\">\n\t\t\t\t<div class=\"elementor-widget-container\">\n\t\t\t\t\t\t\t<div class=\"elementor-divider\">\n\t\t\t<span class=\"elementor-divider-separator\">\n\t\t\t\t\t\t<\/span>\n\t\t<\/div>\n\t\t\t\t\t\t<\/div>\n\t\t\t\t<\/div>\n\t\t\t\t\t<\/div>\n\t\t\t\t<\/div>\n\t\t<div class=\"elementor-element elementor-element-d04d9e6 e-flex e-con-boxed e-con e-parent\" data-id=\"d04d9e6\" data-element_type=\"container\" data-settings=\"{&quot;background_background&quot;:&quot;classic&quot;}\">\n\t\t\t\t\t<div class=\"e-con-inner\">\n\t\t<div class=\"elementor-element elementor-element-e02f1d3 e-con-full e-flex e-con e-child\" data-id=\"e02f1d3\" data-element_type=\"container\">\n\t\t\t\t<div class=\"elementor-element elementor-element-0bd7507 elementor-widget elementor-widget-heading\" data-id=\"0bd7507\" data-element_type=\"widget\" data-widget_type=\"heading.default\">\n\t\t\t\t<div class=\"elementor-widget-container\">\n\t\t\t\t\t<h2 class=\"elementor-heading-title elementor-size-default\">They Need Your Help!\n<\/h2>\t\t\t\t<\/div>\n\t\t\t\t<\/div>\n\t\t\t\t<div class=\"elementor-element elementor-element-f476863 elementor-widget elementor-widget-text-editor\" data-id=\"f476863\" data-element_type=\"widget\" data-widget_type=\"text-editor.default\">\n\t\t\t\t<div class=\"elementor-widget-container\">\n\t\t\t\t\t\t\t\t\t<p>Dolorem ipsum quia dolor sit amet, consectetur, adipisci velit, sed quia non numquam eius modi tempora incidunt.\u00a0<\/p>\t\t\t\t\t\t\t\t<\/div>\n\t\t\t\t<\/div>\n\t\t\t\t<\/div>\n\t\t\t\t\t<\/div>\n\t\t\t\t<\/div>\n\t\t\t\t<\/div>\n\t\t","protected":false},"excerpt":{"rendered":"<p>Con\u00f3cenos Mi nombre es Roberto Patr\u00f3n Zepeda. Me dedico a la investigaci\u00f3n cient\u00edfica y a la defensa de los derechos humanos. Nac\u00ed en Mazatl\u00e1n, Sinaloa, de donde, como resultado de severas represalias en mi contra cometidas por el Gobierno de dicha ciudad, en 2014, emigr\u00e9 a Guadalajara, Jalisco, M\u00e9xico, donde actualmente a\u00fan radico. Algo que [&hellip;]<\/p>\n","protected":false},"author":1,"featured_media":0,"parent":0,"menu_order":0,"comment_status":"closed","ping_status":"closed","template":"elementor_header_footer","meta":{"site-sidebar-layout":"no-sidebar","site-content-layout":"page-builder","ast-site-content-layout":"full-width-container","site-content-style":"unboxed","site-sidebar-style":"unboxed","ast-global-header-display":"","ast-banner-title-visibility":"","ast-main-header-display":"","ast-hfb-above-header-display":"","ast-hfb-below-header-display":"","ast-hfb-mobile-header-display":"","site-post-title":"disabled","ast-breadcrumbs-content":"","ast-featured-img":"disabled","footer-sml-layout":"","theme-transparent-header-meta":"enabled","adv-header-id-meta":"","stick-header-meta":"","header-above-stick-meta":"","header-main-stick-meta":"","header-below-stick-meta":"","astra-migrate-meta-layouts":"set","ast-page-background-enabled":"default","ast-page-background-meta":{"desktop":{"background-color":"","background-image":"","background-repeat":"repeat","background-position":"center center","background-size":"auto","background-attachment":"scroll","background-type":"","background-media":"","overlay-type":"","overlay-color":"","overlay-opacity":"","overlay-gradient":""},"tablet":{"background-color":"","background-image":"","background-repeat":"repeat","background-position":"center center","background-size":"auto","background-attachment":"scroll","background-type":"","background-media":"","overlay-type":"","overlay-color":"","overlay-opacity":"","overlay-gradient":""},"mobile":{"background-color":"","background-image":"","background-repeat":"repeat","background-position":"center center","background-size":"auto","background-attachment":"scroll","background-type":"","background-media":"","overlay-type":"","overlay-color":"","overlay-opacity":"","overlay-gradient":""}},"ast-content-background-meta":{"desktop":{"background-color":"var(--ast-global-color-5)","background-image":"","background-repeat":"repeat","background-position":"center center","background-size":"auto","background-attachment":"scroll","background-type":"","background-media":"","overlay-type":"","overlay-color":"","overlay-opacity":"","overlay-gradient":""},"tablet":{"background-color":"var(--ast-global-color-5)","background-image":"","background-repeat":"repeat","background-position":"center center","background-size":"auto","background-attachment":"scroll","background-type":"","background-media":"","overlay-type":"","overlay-color":"","overlay-opacity":"","overlay-gradient":""},"mobile":{"background-color":"var(--ast-global-color-5)","background-image":"","background-repeat":"repeat","background-position":"center center","background-size":"auto","background-attachment":"scroll","background-type":"","background-media":"","overlay-type":"","overlay-color":"","overlay-opacity":"","overlay-gradient":""}},"footnotes":""},"class_list":["post-6680","page","type-page","status-publish","hentry"],"_links":{"self":[{"href":"https:\/\/donayudando.org\/home\/index.php?rest_route=\/wp\/v2\/pages\/6680","targetHints":{"allow":["GET"]}}],"collection":[{"href":"https:\/\/donayudando.org\/home\/index.php?rest_route=\/wp\/v2\/pages"}],"about":[{"href":"https:\/\/donayudando.org\/home\/index.php?rest_route=\/wp\/v2\/types\/page"}],"author":[{"embeddable":true,"href":"https:\/\/donayudando.org\/home\/index.php?rest_route=\/wp\/v2\/users\/1"}],"replies":[{"embeddable":true,"href":"https:\/\/donayudando.org\/home\/index.php?rest_route=%2Fwp%2Fv2%2Fcomments&post=6680"}],"version-history":[{"count":34,"href":"https:\/\/donayudando.org\/home\/index.php?rest_route=\/wp\/v2\/pages\/6680\/revisions"}],"predecessor-version":[{"id":6732,"href":"https:\/\/donayudando.org\/home\/index.php?rest_route=\/wp\/v2\/pages\/6680\/revisions\/6732"}],"wp:attachment":[{"href":"https:\/\/donayudando.org\/home\/index.php?rest_route=%2Fwp%2Fv2%2Fmedia&parent=6680"}],"curies":[{"name":"wp","href":"https:\/\/api.w.org\/{rel}","templated":true}]}}